{"id":1660,"date":"2024-04-01T17:43:55","date_gmt":"2024-04-01T17:43:55","guid":{"rendered":"https:\/\/www.myoakleaf.com\/?page_id=1660"},"modified":"2026-01-06T16:06:52","modified_gmt":"2026-01-06T22:06:52","slug":"divulgaciones","status":"publish","type":"page","link":"https:\/\/www.myoakleaf.com\/es\/disclosures\/","title":{"rendered":"Divulgaciones"},"content":{"rendered":"<p><div class=\"fusion-fullwidth fullwidth-box fusion-builder-row-1 fusion-flex-container has-pattern-background has-mask-background nonhundred-percent-fullwidth non-hundred-percent-height-scrolling\" style=\"--awb-border-radius-top-left:0px;--awb-border-radius-top-right:0px;--awb-border-radius-bottom-right:0px;--awb-border-radius-bottom-left:0px;--awb-flex-wrap:wrap;\" ><div class=\"fusion-builder-row fusion-row fusion-flex-align-items-flex-start fusion-flex-content-wrap\" style=\"max-width:1456px;margin-left: calc(-4% \/ 2 );margin-right: calc(-4% \/ 2 );\"><div class=\"fusion-layout-column fusion_builder_column fusion-builder-column-0 fusion_builder_column_1_1 1_1 fusion-flex-column\" style=\"--awb-bg-size:cover;--awb-width-large:100%;--awb-margin-top-large:0px;--awb-spacing-right-large:1.92%;--awb-margin-bottom-large:20px;--awb-spacing-left-large:1.92%;--awb-width-medium:100%;--awb-order-medium:0;--awb-spacing-right-medium:1.92%;--awb-spacing-left-medium:1.92%;--awb-width-small:100%;--awb-order-small:0;--awb-spacing-right-small:1.92%;--awb-spacing-left-small:1.92%;\"><div class=\"fusion-column-wrapper fusion-column-has-shadow fusion-flex-justify-content-flex-start fusion-content-layout-column\"><div class=\"fusion-text fusion-text-1\"><p>En Oak Leaf Community Mortgage, la transparencia es primordial. Esta p\u00e1gina proporciona acceso a nuestros documentos de divulgaci\u00f3n clave, que ofrecen informaci\u00f3n detallada sobre tasas, comisiones y el proceso de pr\u00e9stamo. Explore estos recursos para comprender mejor nuestros servicios hipotecarios y no dude en ponerse en contacto con nosotros si tiene alguna pregunta.<\/p>\n<\/div><\/div><\/div><\/div><\/div><div class=\"fusion-fullwidth fullwidth-box fusion-builder-row-2 fusion-flex-container has-pattern-background has-mask-background nonhundred-percent-fullwidth non-hundred-percent-height-scrolling\" style=\"--awb-border-radius-top-left:0px;--awb-border-radius-top-right:0px;--awb-border-radius-bottom-right:0px;--awb-border-radius-bottom-left:0px;--awb-flex-wrap:wrap;\" ><div class=\"fusion-builder-row fusion-row fusion-flex-align-items-flex-start fusion-flex-content-wrap\" style=\"max-width:1456px;margin-left: calc(-4% \/ 2 );margin-right: calc(-4% \/ 2 );\"><div class=\"fusion-layout-column fusion_builder_column fusion-builder-column-1 fusion_builder_column_1_5 1_5 fusion-flex-column fusion-column-inner-bg-wrapper fusion-column-liftup-border\" style=\"--awb-padding-top:30px;--awb-padding-right:30px;--awb-padding-bottom:30px;--awb-padding-left:30px;--awb-inner-bg-color:var(--awb-color2);--awb-inner-bg-color-hover:var(--awb-color2);--awb-inner-bg-size:cover;--awb-width-large:20%;--awb-margin-top-large:0px;--awb-spacing-right-large:9.6%;--awb-margin-bottom-large:20px;--awb-spacing-left-large:9.6%;--awb-width-medium:20%;--awb-order-medium:0;--awb-spacing-right-medium:9.6%;--awb-spacing-left-medium:9.6%;--awb-width-small:100%;--awb-order-small:0;--awb-spacing-right-small:1.92%;--awb-spacing-left-small:1.92%;\" data-scroll-devices=\"small-visibility,medium-visibility,large-visibility\"><span class=\"fusion-column-inner-bg hover-type-liftup\"><a class=\"fusion-column-anchor\" href=\"https:\/\/www.myoakleaf.com\/wp-content\/uploads\/2026\/01\/Treasury-ARM-Disclosures.pdf\" rel=\"noopener noreferrer\" target=\"_blank\"><span class=\"fusion-column-inner-bg-image\"><\/span><\/a><\/span><div class=\"fusion-column-wrapper fusion-flex-justify-content-flex-start fusion-content-layout-column\"><div class=\"fusion-title title fusion-title-1 fusion-sep-none fusion-title-center fusion-title-text fusion-title-size-four\" style=\"--awb-margin-top-small:10px;--awb-margin-right-small:0px;--awb-margin-bottom-small:10px;--awb-margin-left-small:0px;\"><h4 class=\"fusion-title-heading title-heading-center fusion-responsive-typography-calculated\" style=\"margin:0;--fontSize:20;--minFontSize:20;line-height:1.5;\">TESORER\u00cdA- ARM Disclosure<\/h4><\/div><div class=\"fusion-image-element\" style=\"text-align:center;--awb-caption-title-font-family:var(--h2_typography-font-family);--awb-caption-title-font-weight:var(--h2_typography-font-weight);--awb-caption-title-font-style:var(--h2_typography-font-style);--awb-caption-title-size:var(--h2_typography-font-size);--awb-caption-title-transform:var(--h2_typography-text-transform);--awb-caption-title-line-height:var(--h2_typography-line-height);--awb-caption-title-letter-spacing:var(--h2_typography-letter-spacing);\"><span class=\"fusion-imageframe imageframe-none imageframe-1 hover-type-none\"><img decoding=\"async\" width=\"622\" height=\"1024\" alt=\"Brazo del Tesoro\" title=\"Brazo del Tesoro\" src=\"https:\/\/www.myoakleaf.com\/wp-content\/uploads\/2025\/01\/Treasury-ARM.png\" class=\"img-responsive wp-image-2807\" srcset=\"https:\/\/www.myoakleaf.com\/wp-content\/uploads\/2025\/01\/Treasury-ARM-200x329.png 200w, https:\/\/www.myoakleaf.com\/wp-content\/uploads\/2025\/01\/Treasury-ARM-400x659.png 400w, https:\/\/www.myoakleaf.com\/wp-content\/uploads\/2025\/01\/Treasury-ARM-600x988.png 600w, https:\/\/www.myoakleaf.com\/wp-content\/uploads\/2025\/01\/Treasury-ARM.png 622w\" sizes=\"(max-width: 840px) 100vw, 200px\" \/><\/span><\/div><\/div><\/div><div class=\"fusion-layout-column fusion_builder_column fusion-builder-column-2 fusion_builder_column_1_5 1_5 fusion-flex-column fusion-column-inner-bg-wrapper fusion-column-liftup-border\" style=\"--awb-padding-top:30px;--awb-padding-right:30px;--awb-padding-bottom:30px;--awb-padding-left:30px;--awb-inner-bg-color:var(--awb-color2);--awb-inner-bg-color-hover:var(--awb-color2);--awb-inner-bg-size:cover;--awb-width-large:20%;--awb-margin-top-large:0px;--awb-spacing-right-large:9.6%;--awb-margin-bottom-large:20px;--awb-spacing-left-large:9.6%;--awb-width-medium:20%;--awb-order-medium:0;--awb-spacing-right-medium:9.6%;--awb-spacing-left-medium:9.6%;--awb-width-small:100%;--awb-order-small:0;--awb-spacing-right-small:1.92%;--awb-spacing-left-small:1.92%;\" data-scroll-devices=\"small-visibility,medium-visibility,large-visibility\"><span class=\"fusion-column-inner-bg hover-type-liftup\"><a class=\"fusion-column-anchor\" href=\"https:\/\/www.myoakleaf.com\/wp-content\/uploads\/2026\/01\/1-1-IO-Treasury-ARM-Disclosure.pdf\" rel=\"noopener noreferrer\" target=\"_blank\"><span class=\"fusion-column-inner-bg-image\"><\/span><\/a><\/span><div class=\"fusion-column-wrapper fusion-flex-justify-content-flex-start fusion-content-layout-column\"><div class=\"fusion-title title fusion-title-2 fusion-sep-none fusion-title-center fusion-title-text fusion-title-size-four\" style=\"--awb-margin-top-small:10px;--awb-margin-right-small:0px;--awb-margin-bottom-small:10px;--awb-margin-left-small:0px;\"><h4 class=\"fusion-title-heading title-heading-center fusion-responsive-typography-calculated\" style=\"margin:0;--fontSize:20;--minFontSize:20;line-height:1.5;\">TESORER\u00cdA - IO ARM Disclosure<\/h4><\/div><div class=\"fusion-image-element\" style=\"text-align:center;--awb-caption-title-font-family:var(--h2_typography-font-family);--awb-caption-title-font-weight:var(--h2_typography-font-weight);--awb-caption-title-font-style:var(--h2_typography-font-style);--awb-caption-title-size:var(--h2_typography-font-size);--awb-caption-title-transform:var(--h2_typography-text-transform);--awb-caption-title-line-height:var(--h2_typography-line-height);--awb-caption-title-letter-spacing:var(--h2_typography-letter-spacing);\"><span class=\"fusion-imageframe imageframe-none imageframe-2 hover-type-none\"><a class=\"fusion-no-lightbox\" href=\"https:\/\/www.myoakleaf.com\/wp-content\/uploads\/2024\/04\/SOFR-ARM-Disclosure.pdf\" target=\"_blank\" aria-label=\"Divulgaci\u00f3n de la Tesorer\u00eda Io Arm\" rel=\"noopener noreferrer\"><img decoding=\"async\" width=\"622\" height=\"1024\" alt=\"Divulgaci\u00f3n de la Tesorer\u00eda Io Arm\" src=\"https:\/\/www.myoakleaf.com\/wp-content\/uploads\/2025\/01\/TREASURY-IO-ARM-Disclosure.png\" class=\"img-responsive wp-image-2808\" srcset=\"https:\/\/www.myoakleaf.com\/wp-content\/uploads\/2025\/01\/TREASURY-IO-ARM-Disclosure-200x329.png 200w, https:\/\/www.myoakleaf.com\/wp-content\/uploads\/2025\/01\/TREASURY-IO-ARM-Disclosure-400x659.png 400w, https:\/\/www.myoakleaf.com\/wp-content\/uploads\/2025\/01\/TREASURY-IO-ARM-Disclosure-600x988.png 600w, https:\/\/www.myoakleaf.com\/wp-content\/uploads\/2025\/01\/TREASURY-IO-ARM-Disclosure.png 622w\" sizes=\"(max-width: 840px) 100vw, 200px\" \/><\/a><\/span><\/div><\/div><\/div><div class=\"fusion-layout-column fusion_builder_column fusion-builder-column-3 fusion_builder_column_1_5 1_5 fusion-flex-column fusion-column-inner-bg-wrapper fusion-column-liftup-border\" style=\"--awb-padding-top:30px;--awb-padding-right:30px;--awb-padding-bottom:30px;--awb-padding-left:30px;--awb-inner-bg-color:var(--awb-color2);--awb-inner-bg-color-hover:var(--awb-color2);--awb-inner-bg-size:cover;--awb-width-large:20%;--awb-margin-top-large:0px;--awb-spacing-right-large:9.6%;--awb-margin-bottom-large:20px;--awb-spacing-left-large:9.6%;--awb-width-medium:20%;--awb-order-medium:0;--awb-spacing-right-medium:9.6%;--awb-spacing-left-medium:9.6%;--awb-width-small:100%;--awb-order-small:0;--awb-spacing-right-small:1.92%;--awb-spacing-left-small:1.92%;\" data-scroll-devices=\"small-visibility,medium-visibility,large-visibility\"><span class=\"fusion-column-inner-bg hover-type-liftup\"><a class=\"fusion-column-anchor\" href=\"https:\/\/www.myoakleaf.com\/wp-content\/uploads\/2026\/01\/SOFR-ARM-Disclosure.pdf\" rel=\"noopener noreferrer\" target=\"_blank\"><span class=\"fusion-column-inner-bg-image\"><\/span><\/a><\/span><div class=\"fusion-column-wrapper fusion-flex-justify-content-flex-start fusion-content-layout-column\"><div class=\"fusion-title title fusion-title-3 fusion-sep-none fusion-title-center fusion-title-text fusion-title-size-four\" style=\"--awb-margin-top-small:10px;--awb-margin-right-small:0px;--awb-margin-bottom-small:10px;--awb-margin-left-small:0px;\"><h4 class=\"fusion-title-heading title-heading-center fusion-responsive-typography-calculated\" style=\"margin:0;--fontSize:20;--minFontSize:20;line-height:1.5;\">SOFR - Informaci\u00f3n sobre ARM<\/h4><\/div><div class=\"fusion-image-element\" style=\"text-align:center;--awb-caption-title-font-family:var(--h2_typography-font-family);--awb-caption-title-font-weight:var(--h2_typography-font-weight);--awb-caption-title-font-style:var(--h2_typography-font-style);--awb-caption-title-size:var(--h2_typography-font-size);--awb-caption-title-transform:var(--h2_typography-text-transform);--awb-caption-title-line-height:var(--h2_typography-line-height);--awb-caption-title-letter-spacing:var(--h2_typography-letter-spacing);\"><span class=\"fusion-imageframe imageframe-none imageframe-3 hover-type-none\"><img decoding=\"async\" width=\"622\" height=\"1024\" alt=\"Divulgaciones del brazo Sofr\" title=\"Divulgaciones del brazo Sofr\" src=\"https:\/\/www.myoakleaf.com\/wp-content\/uploads\/2025\/01\/SOFR-ARM-Disclosures.png\" class=\"img-responsive wp-image-2809\" srcset=\"https:\/\/www.myoakleaf.com\/wp-content\/uploads\/2025\/01\/SOFR-ARM-Disclosures-200x329.png 200w, https:\/\/www.myoakleaf.com\/wp-content\/uploads\/2025\/01\/SOFR-ARM-Disclosures-400x659.png 400w, https:\/\/www.myoakleaf.com\/wp-content\/uploads\/2025\/01\/SOFR-ARM-Disclosures-600x988.png 600w, https:\/\/www.myoakleaf.com\/wp-content\/uploads\/2025\/01\/SOFR-ARM-Disclosures.png 622w\" sizes=\"(max-width: 840px) 100vw, 200px\" \/><\/span><\/div><\/div><\/div><\/div><\/div><\/p>","protected":false},"excerpt":{"rendered":"","protected":false},"author":1,"featured_media":0,"parent":0,"menu_order":0,"comment_status":"closed","ping_status":"closed","template":"100-width.php","meta":{"_acf_changed":false,"footnotes":""},"class_list":["post-1660","page","type-page","status-publish","hentry"],"acf":false,"yoast_head":"<!-- This site is optimized with the Yoast SEO plugin v27.5 - https:\/\/yoast.com\/product\/yoast-seo-wordpress\/ -->\n<title>Disclosures | Oak Leaf Community Mortgage<\/title>\n<meta name=\"robots\" content=\"index, follow, max-snippet:-1, max-image-preview:large, max-video-preview:-1\" \/>\n<link rel=\"canonical\" href=\"https:\/\/www.myoakleaf.com\/es\/divulgaciones\/\" \/>\n<meta property=\"og:locale\" content=\"es_MX\" \/>\n<meta property=\"og:type\" content=\"article\" \/>\n<meta property=\"og:title\" content=\"Disclosures | Oak Leaf Community Mortgage\" \/>\n<meta property=\"og:url\" content=\"https:\/\/www.myoakleaf.com\/es\/divulgaciones\/\" \/>\n<meta property=\"og:site_name\" content=\"Oak Leaf Community Mortgage\" \/>\n<meta property=\"article:modified_time\" content=\"2026-01-06T22:06:52+00:00\" \/>\n<meta property=\"og:image\" content=\"https:\/\/www.myoakleaf.com\/wp-content\/uploads\/2024\/02\/OLCM-Launch-Featured-020124.png\" \/>\n\t<meta property=\"og:image:width\" content=\"1920\" \/>\n\t<meta property=\"og:image:height\" content=\"1080\" \/>\n\t<meta property=\"og:image:type\" content=\"image\/png\" \/>\n<meta name=\"twitter:card\" content=\"summary_large_image\" \/>\n<meta name=\"twitter:label1\" content=\"Tiempo de lectura\" \/>\n\t<meta name=\"twitter:data1\" content=\"2 minutos\" \/>\n<script type=\"application\/ld+json\" class=\"yoast-schema-graph\">{\"@context\":\"https:\\\/\\\/schema.org\",\"@graph\":[{\"@type\":\"WebPage\",\"@id\":\"https:\\\/\\\/www.myoakleaf.com\\\/disclosures\\\/\",\"url\":\"https:\\\/\\\/www.myoakleaf.com\\\/disclosures\\\/\",\"name\":\"Disclosures | Oak Leaf Community Mortgage\",\"isPartOf\":{\"@id\":\"https:\\\/\\\/www.myoakleaf.com\\\/#website\"},\"datePublished\":\"2024-04-01T17:43:55+00:00\",\"dateModified\":\"2026-01-06T22:06:52+00:00\",\"breadcrumb\":{\"@id\":\"https:\\\/\\\/www.myoakleaf.com\\\/disclosures\\\/#breadcrumb\"},\"inLanguage\":\"es\",\"potentialAction\":[{\"@type\":\"ReadAction\",\"target\":[\"https:\\\/\\\/www.myoakleaf.com\\\/disclosures\\\/\"]}]},{\"@type\":\"BreadcrumbList\",\"@id\":\"https:\\\/\\\/www.myoakleaf.com\\\/disclosures\\\/#breadcrumb\",\"itemListElement\":[{\"@type\":\"ListItem\",\"position\":1,\"name\":\"Home\",\"item\":\"https:\\\/\\\/www.myoakleaf.com\\\/\"},{\"@type\":\"ListItem\",\"position\":2,\"name\":\"Disclosures\"}]},{\"@type\":\"WebSite\",\"@id\":\"https:\\\/\\\/www.myoakleaf.com\\\/#website\",\"url\":\"https:\\\/\\\/www.myoakleaf.com\\\/\",\"name\":\"Oak Leaf Community Mortgage\",\"description\":\"\",\"potentialAction\":[{\"@type\":\"SearchAction\",\"target\":{\"@type\":\"EntryPoint\",\"urlTemplate\":\"https:\\\/\\\/www.myoakleaf.com\\\/?s={search_term_string}\"},\"query-input\":{\"@type\":\"PropertyValueSpecification\",\"valueRequired\":true,\"valueName\":\"search_term_string\"}}],\"inLanguage\":\"es\"}]}<\/script>\n<!-- \/ Yoast SEO plugin. -->","yoast_head_json":{"title":"Divulgaciones | Hipoteca comunitaria Oak Leaf","robots":{"index":"index","follow":"follow","max-snippet":"max-snippet:-1","max-image-preview":"max-image-preview:large","max-video-preview":"max-video-preview:-1"},"canonical":"https:\/\/www.myoakleaf.com\/es\/divulgaciones\/","og_locale":"es_MX","og_type":"article","og_title":"Disclosures | Oak Leaf Community Mortgage","og_url":"https:\/\/www.myoakleaf.com\/es\/divulgaciones\/","og_site_name":"Oak Leaf Community Mortgage","article_modified_time":"2026-01-06T22:06:52+00:00","og_image":[{"width":1920,"height":1080,"url":"https:\/\/www.myoakleaf.com\/wp-content\/uploads\/2024\/02\/OLCM-Launch-Featured-020124.png","type":"image\/png"}],"twitter_card":"summary_large_image","twitter_misc":{"Tiempo de lectura":"2 minutos"},"schema":{"@context":"https:\/\/schema.org","@graph":[{"@type":"WebPage","@id":"https:\/\/www.myoakleaf.com\/disclosures\/","url":"https:\/\/www.myoakleaf.com\/disclosures\/","name":"Divulgaciones | Hipoteca comunitaria Oak Leaf","isPartOf":{"@id":"https:\/\/www.myoakleaf.com\/#website"},"datePublished":"2024-04-01T17:43:55+00:00","dateModified":"2026-01-06T22:06:52+00:00","breadcrumb":{"@id":"https:\/\/www.myoakleaf.com\/disclosures\/#breadcrumb"},"inLanguage":"es","potentialAction":[{"@type":"ReadAction","target":["https:\/\/www.myoakleaf.com\/disclosures\/"]}]},{"@type":"BreadcrumbList","@id":"https:\/\/www.myoakleaf.com\/disclosures\/#breadcrumb","itemListElement":[{"@type":"ListItem","position":1,"name":"Home","item":"https:\/\/www.myoakleaf.com\/"},{"@type":"ListItem","position":2,"name":"Disclosures"}]},{"@type":"WebSite","@id":"https:\/\/www.myoakleaf.com\/#website","url":"https:\/\/www.myoakleaf.com\/","name":"Hipoteca comunitaria Oak Leaf","description":"","potentialAction":[{"@type":"SearchAction","target":{"@type":"EntryPoint","urlTemplate":"https:\/\/www.myoakleaf.com\/?s={search_term_string}"},"query-input":{"@type":"PropertyValueSpecification","valueRequired":true,"valueName":"search_term_string"}}],"inLanguage":"es"}]}},"_links":{"self":[{"href":"https:\/\/www.myoakleaf.com\/es\/wp-json\/wp\/v2\/pages\/1660","targetHints":{"allow":["GET"]}}],"collection":[{"href":"https:\/\/www.myoakleaf.com\/es\/wp-json\/wp\/v2\/pages"}],"about":[{"href":"https:\/\/www.myoakleaf.com\/es\/wp-json\/wp\/v2\/types\/page"}],"author":[{"embeddable":true,"href":"https:\/\/www.myoakleaf.com\/es\/wp-json\/wp\/v2\/users\/1"}],"replies":[{"embeddable":true,"href":"https:\/\/www.myoakleaf.com\/es\/wp-json\/wp\/v2\/comments?post=1660"}],"version-history":[{"count":14,"href":"https:\/\/www.myoakleaf.com\/es\/wp-json\/wp\/v2\/pages\/1660\/revisions"}],"predecessor-version":[{"id":3953,"href":"https:\/\/www.myoakleaf.com\/es\/wp-json\/wp\/v2\/pages\/1660\/revisions\/3953"}],"wp:attachment":[{"href":"https:\/\/www.myoakleaf.com\/es\/wp-json\/wp\/v2\/media?parent=1660"}],"curies":[{"name":"wp","href":"https:\/\/api.w.org\/{rel}","templated":true}]}}